{"id":893,"date":"2025-05-31T01:16:32","date_gmt":"2025-05-31T01:16:32","guid":{"rendered":"https:\/\/cicei.cba.ucb.edu.bo\/?page_id=893"},"modified":"2026-02-06T02:22:04","modified_gmt":"2026-02-06T02:22:04","slug":"cicei-pn38","status":"publish","type":"page","link":"https:\/\/cicei.cba.ucb.edu.bo\/?page_id=893","title":{"rendered":"CICEI PN38"},"content":{"rendered":"<div class=\"fusion-fullwidth fullwidth-box fusion-builder-row-1 fusion-flex-container has-pattern-background has-mask-background nonhundred-percent-fullwidth non-hundred-percent-height-scrolling\" style=\"--awb-border-radius-top-left:0px;--awb-border-radius-top-right:0px;--awb-border-radius-bottom-right:0px;--awb-border-radius-bottom-left:0px;\" ><div class=\"fusion-builder-row fusion-row fusion-flex-align-items-flex-start\" style=\"max-width:1456px;margin-left: calc(-4% \/ 2 );margin-right: calc(-4% \/ 2 );\"><div class=\"fusion-layout-column fusion_builder_column fusion-builder-column-0 fusion_builder_column_1_1 1_1 fusion-flex-column\" style=\"--awb-bg-size:cover;--awb-width-large:100%;--awb-spacing-right-large:1.92%;--awb-spacing-left-large:1.92%;--awb-width-medium:100%;--awb-order-medium:0;--awb-spacing-right-medium:1.92%;--awb-spacing-left-medium:1.92%;--awb-width-small:100%;--awb-order-small:0;--awb-spacing-right-small:1.92%;--awb-spacing-left-small:1.92%;\"><div class=\"fusion-column-wrapper fusion-column-has-shadow fusion-flex-justify-content-flex-start fusion-content-layout-column\"><div class=\"fusion-text fusion-text-1\"><p style=\"text-align: center; \"><b data-fusion-font=\"true\" style=\"font-size: 30px;\">CICElPN38<\/b><\/p>\n<p style=\"text-align: center; \"><b data-fusion-font=\"true\" style=\"font-size: 30px;\">1st International Congress of Water Sustainability and Technology (IWaST)<\/b><\/p>\n<\/div><\/div><\/div><div class=\"fusion-layout-column fusion_builder_column fusion-builder-column-1 fusion_builder_column_1_2 1_2 fusion-flex-column\" style=\"--awb-bg-size:cover;--awb-width-large:50%;--awb-spacing-right-large:3.84%;--awb-spacing-left-large:3.84%;--awb-width-medium:50%;--awb-order-medium:0;--awb-spacing-right-medium:3.84%;--awb-spacing-left-medium:3.84%;--awb-width-small:100%;--awb-order-small:0;--awb-spacing-right-small:1.92%;--awb-spacing-left-small:1.92%;\"><div class=\"fusion-column-wrapper fusion-column-has-shadow fusion-flex-justify-content-flex-start fusion-content-layout-column\"><div class=\"fusion-text fusion-text-2\"><p style=\"text-align: justify; \">La gesti\u00f3n integral del agua ha cobrado gran relevancia a nivel global, requiriendo cambios en la mentalidad de la poblaci\u00f3n y en la implementaci\u00f3n de pol\u00edticas que respondan a la realidad de cada contexto. En Cochabamba, esta gesti\u00f3n tiene un trasfondo hist\u00f3rico, incluso antes de la Guerra del Agua. El congreso busc\u00f3 reconocer los avances en la gesti\u00f3n h\u00eddrica, reducir brechas en conocimiento, comunicaci\u00f3n y coordinaci\u00f3n, y vincular a los actores del agua con las agendas globales. Estuvo dirigido a la comunidad cient\u00edfica, profesionales, pol\u00edticos, inversionistas, especialistas, reguladores y la sociedad civil, con el objetivo de fortalecer la cooperaci\u00f3n y crear metas y estrategias comunes. Adem\u00e1s, se promovi\u00f3 el di\u00e1logo entre pol\u00edtica y ciencia, fomentando soluciones reales y pr\u00e1cticas para los desaf\u00edos del manejo del agua e integrando diferentes disciplinas hacia objetivos compartidos.<\/p>\n<\/div><\/div><\/div><div class=\"fusion-layout-column fusion_builder_column fusion-builder-column-2 fusion_builder_column_1_2 1_2 fusion-flex-column\" style=\"--awb-bg-size:cover;--awb-width-large:50%;--awb-spacing-right-large:3.84%;--awb-spacing-left-large:3.84%;--awb-width-medium:50%;--awb-order-medium:0;--awb-spacing-right-medium:3.84%;--awb-spacing-left-medium:3.84%;--awb-width-small:100%;--awb-order-small:0;--awb-spacing-right-small:1.92%;--awb-spacing-left-small:1.92%;\"><div class=\"fusion-column-wrapper fusion-column-has-shadow fusion-flex-justify-content-flex-start fusion-content-layout-column\"><div class=\"fusion-image-element \"><span class=\" fusion-imageframe imageframe-none imageframe-1 hover-type-none\"><img decoding=\"async\" width=\"1024\" height=\"576\" title=\"CICEI-PN38-ajustado\" src=\"data:image\/svg+xml,%3Csvg%20xmlns%3D%27http%3A%2F%2Fwww.w3.org%2F2000%2Fsvg%27%20width%3D%271024%27%20height%3D%27576%27%20viewBox%3D%270%200%201024%20576%27%3E%3Crect%20width%3D%271024%27%20height%3D%27576%27%20fill-opacity%3D%220%22%2F%3E%3C%2Fsvg%3E\" data-orig-src=\"https:\/\/cicei.cba.ucb.edu.bo\/wp-content\/uploads\/2025\/07\/CICEI-PN38-ajustado.jpg\" alt class=\"lazyload img-responsive wp-image-1158\"\/><\/span><\/div><div class=\"fusion-text fusion-text-3\"><\/p>\n<\/div><div class=\"fusion-progressbar fusion-progressbar-text-on-bar\" style=\"--awb-text-align:right;--awb-filledcolor:#2b5e62;--awb-filledbordersize:6px;\"><div class=\"fusion-progressbar-bar progress-bar progress-striped active\"><div class=\"progress progress-bar-content\" style=\"width:0%;\" role=\"progressbar\" aria-labelledby=\"awb-progressbar-label-1\" aria-valuemin=\"0\" aria-valuemax=\"100\" aria-valuenow=\"100\"><\/div><\/div> <span class=\"progress-title\" style=\"right: calc(15px + 0%);\"><span class=\"fusion-progressbar-text\" id=\"awb-progressbar-label-1\">100% <\/span> <\/span><\/div><\/div><\/div><\/div><\/div>\n","protected":false},"excerpt":{"rendered":"","protected":false},"author":4,"featured_media":0,"parent":0,"menu_order":0,"comment_status":"closed","ping_status":"closed","template":"100-width.php","meta":{"_acf_changed":false,"footnotes":""},"class_list":["post-893","page","type-page","status-publish","hentry"],"acf":[],"rttpg_featured_image_url":null,"rttpg_author":{"display_name":"Susan C\u00e9spedes","author_link":"https:\/\/cicei.cba.ucb.edu.bo\/?author=4"},"rttpg_comment":0,"rttpg_category":null,"rttpg_excerpt":null,"_links":{"self":[{"href":"https:\/\/cicei.cba.ucb.edu.bo\/index.php?rest_route=\/wp\/v2\/pages\/893","targetHints":{"allow":["GET"]}}],"collection":[{"href":"https:\/\/cicei.cba.ucb.edu.bo\/index.php?rest_route=\/wp\/v2\/pages"}],"about":[{"href":"https:\/\/cicei.cba.ucb.edu.bo\/index.php?rest_route=\/wp\/v2\/types\/page"}],"author":[{"embeddable":true,"href":"https:\/\/cicei.cba.ucb.edu.bo\/index.php?rest_route=\/wp\/v2\/users\/4"}],"replies":[{"embeddable":true,"href":"https:\/\/cicei.cba.ucb.edu.bo\/index.php?rest_route=%2Fwp%2Fv2%2Fcomments&post=893"}],"version-history":[{"count":3,"href":"https:\/\/cicei.cba.ucb.edu.bo\/index.php?rest_route=\/wp\/v2\/pages\/893\/revisions"}],"predecessor-version":[{"id":2046,"href":"https:\/\/cicei.cba.ucb.edu.bo\/index.php?rest_route=\/wp\/v2\/pages\/893\/revisions\/2046"}],"wp:attachment":[{"href":"https:\/\/cicei.cba.ucb.edu.bo\/index.php?rest_route=%2Fwp%2Fv2%2Fmedia&parent=893"}],"curies":[{"name":"wp","href":"https:\/\/api.w.org\/{rel}","templated":true}]}}